{"id":71,"date":"2018-06-19T10:44:17","date_gmt":"2018-06-19T10:44:17","guid":{"rendered":"https:\/\/workmimarlik.com\/?page_id=71"},"modified":"2023-11-13T10:15:32","modified_gmt":"2023-11-13T10:15:32","slug":"hakkimizda","status":"publish","type":"page","link":"https:\/\/workmimarlik.com\/tr\/hakkimizda\/","title":{"rendered":"Hakk\u0131m\u0131zda"},"content":{"rendered":"\t\t<div data-elementor-type=\"wp-page\" data-elementor-id=\"71\" class=\"elementor elementor-71\">\n\t\t\t\t\t\t<section class=\"elementor-section elementor-top-section elementor-element elementor-element-7c89838d elementor-section-stretched elementor-section-height-min-height elementor-section-boxed elementor-section-height-default elementor-section-items-middle\" data-id=\"7c89838d\" data-element_type=\"section\" data-settings=\"{&quot;stretch_section&quot;:&quot;section-stretched&quot;,&quot;background_background&quot;:&quot;classic&quot;}\">\n\t\t\t\t\t\t\t<div class=\"elementor-background-overlay\"><\/div>\n\t\t\t\t\t\t\t<div class=\"elementor-container elementor-column-gap-default\">\n\t\t\t\t\t<div class=\"aux-parallax-section elementor-column elementor-col-100 elementor-top-column elementor-element elementor-element-51ad86fa aux-appear-watch-animation aux-fade-in-right\" data-id=\"51ad86fa\" data-element_type=\"column\">\n\t\t\t<div class=\"elementor-widget-wrap elementor-element-populated\">\n\t\t\t\t\t\t<div class=\"elementor-element elementor-element-65ae90d0 elementor-widget elementor-widget-aux_modern_heading\" data-id=\"65ae90d0\" data-element_type=\"widget\" data-widget_type=\"aux_modern_heading.default\">\n\t\t\t\t<div class=\"elementor-widget-container\">\n\t\t\t<section class=\"aux-widget-modern-heading\">\n            <div class=\"aux-widget-inner\"><h2 class=\"aux-modern-heading-primary\">Hakk\u0131m\u0131zda<\/h2><\/div>\n        <\/section>\t\t<\/div>\n\t\t\t\t<\/div>\n\t\t\t\t\t<\/div>\n\t\t<\/div>\n\t\t\t\t\t<\/div>\n\t\t<\/section>\n\t\t\t\t<section class=\"elementor-section elementor-top-section elementor-element elementor-element-ca2a472 elementor-section-content-middle elementor-section-boxed elementor-section-height-default elementor-section-height-default\" data-id=\"ca2a472\" data-element_type=\"section\">\n\t\t\t\t\t\t<div class=\"elementor-container elementor-column-gap-default\">\n\t\t\t\t\t<div class=\"aux-parallax-section elementor-column elementor-col-50 elementor-top-column elementor-element elementor-element-2ce959dd\" data-id=\"2ce959dd\" data-element_type=\"column\">\n\t\t\t<div class=\"elementor-widget-wrap elementor-element-populated\">\n\t\t\t\t\t\t<div class=\"elementor-element elementor-element-49d9de1 aux-appear-watch-animation aux-fade-in-up elementor-widget elementor-widget-aux_modern_heading\" data-id=\"49d9de1\" data-element_type=\"widget\" data-widget_type=\"aux_modern_heading.default\">\n\t\t\t\t<div class=\"elementor-widget-container\">\n\t\t\t<section class=\"aux-widget-modern-heading\">\n            <div class=\"aux-widget-inner\"><h2 class=\"aux-modern-heading-primary\">Hakk\u0131m\u0131zda<\/h2><h3 class=\"aux-modern-heading-secondary\"><span class=\"aux-head-before\">Biz Kimiz?<\/span><\/h3><div class=\"aux-modern-heading-divider\"><\/div><div class=\"aux-modern-heading-description\"><p>Work Mimarl\u0131k olarak 7'y\u0131l\u0131 a\u015fk\u0131n tecr\u00fcbesi ile Ah\u015fap Fuar Stand\u0131, Maxima Fuar Stand\u0131, Mod\u00fcler Fuar Stand\u0131 ve \u00dcr\u00fcn Te\u015fhir Stand\u0131 alan\u0131nda projelendirme \u2018den imalat\u0131na uygulamadan anahtar teslim projeleriyle kendi b\u00fcnyesinde hizmet vermektedir.<\/p><p>Kurumsal kimli\u011finizi, sekt\u00f6rel \u00f6nceliklerinizi ve m\u00fc\u015fteri portf\u00f6y\u00fcn\u00fcz\u00fc g\u00f6z \u00f6n\u00fcnde bulundurarak, \u00fcr\u00fcnlerinizi vazge\u00e7ilmez k\u0131lacak t\u00fcm detaylar\u0131 fuar stand tasar\u0131m\u0131n\u0131za yans\u0131t\u0131yoruz.<\/p><\/div><\/div>\n        <\/section>\t\t<\/div>\n\t\t\t\t<\/div>\n\t\t\t\t\t<\/div>\n\t\t<\/div>\n\t\t\t\t<div class=\"aux-parallax-section elementor-column elementor-col-50 elementor-top-column elementor-element elementor-element-1d8d0f19 aux-appear-watch-animation aux-scale-down\" data-id=\"1d8d0f19\" data-element_type=\"column\">\n\t\t\t<div class=\"elementor-widget-wrap elementor-element-populated\">\n\t\t\t\t\t\t<div class=\"elementor-element elementor-element-2d5cedba elementor-widget elementor-widget-aux_image\" data-id=\"2d5cedba\" data-element_type=\"widget\" data-widget_type=\"aux_image.default\">\n\t\t\t\t<div class=\"elementor-widget-container\">\n\t\t\t<section class=\"widget-container aux-widget-image aux-alignnone aux-parent-aufa1852d3\">\n    <div class=\"aux-media-hint-frame \">\n        <div class=\"aux-media-image \" >\n        \n            \n\n            \n            <img fetchpriority=\"high\" decoding=\"async\" width=\"784\" height=\"700\" src=\"image\/gif;base64,R0lGODlhAQABAIAAAAAAAP\/\/\/yH5BAEAAAAALAAAAAABAAEAAAIBRAA7\" class=\"aux-attachment aux-featured-image aux-attachment-id-214 aux-preload aux-blank\" alt=\"work-mimarlik-hakkimizda-2\" data-ratio=\"1.12\" data-original-w=\"1300\" sizes=\"auto\" data-srcset=\"https:\/\/workmimarlik.com\/wp-content\/uploads\/2022\/08\/work-mimarlik-hakkimizda-2-150x134.jpg 150w,https:\/\/workmimarlik.com\/wp-content\/uploads\/2022\/08\/work-mimarlik-hakkimizda-2-300x268.jpg 300w,https:\/\/workmimarlik.com\/wp-content\/uploads\/2022\/08\/work-mimarlik-hakkimizda-2-768x686.jpg 768w,https:\/\/workmimarlik.com\/wp-content\/uploads\/2022\/08\/work-mimarlik-hakkimizda-2-1024x914.jpg 1024w,https:\/\/workmimarlik.com\/wp-content\/uploads\/2022\/08\/work-mimarlik-hakkimizda-2-784x700.jpg 784w\" data-src=\"https:\/\/workmimarlik.com\/wp-content\/uploads\/2022\/08\/work-mimarlik-hakkimizda-2-784x700.jpg\" \/>            \n                <\/div>\n    <\/div>\n\n<\/section><!-- widget-container -->\t\t<\/div>\n\t\t\t\t<\/div>\n\t\t\t\t\t<\/div>\n\t\t<\/div>\n\t\t\t\t\t<\/div>\n\t\t<\/section>\n\t\t\t\t<section class=\"elementor-section elementor-top-section elementor-element elementor-element-561c777c elementor-section-boxed elementor-section-height-default elementor-section-height-default\" data-id=\"561c777c\" data-element_type=\"section\">\n\t\t\t\t\t\t<div class=\"elementor-container elementor-column-gap-default\">\n\t\t\t\t\t<div class=\"aux-parallax-section elementor-column elementor-col-100 elementor-top-column elementor-element elementor-element-74dd3d00\" data-id=\"74dd3d00\" data-element_type=\"column\" data-settings=\"{&quot;background_background&quot;:&quot;classic&quot;}\">\n\t\t\t<div class=\"elementor-widget-wrap elementor-element-populated\">\n\t\t\t\t\t<div class=\"elementor-background-overlay\"><\/div>\n\t\t\t\t\t\t<div class=\"elementor-element elementor-element-b236b17 aux-appear-watch-animation aux-scale-down elementor-widget elementor-widget-aux_modern_heading\" data-id=\"b236b17\" data-element_type=\"widget\" data-widget_type=\"aux_modern_heading.default\">\n\t\t\t\t<div class=\"elementor-widget-container\">\n\t\t\t<section class=\"aux-widget-modern-heading\">\n            <div class=\"aux-widget-inner\"><h2 class=\"aux-modern-heading-primary\">\u201c<\/h2><div class=\"aux-modern-heading-description\"><p>Ara\u015ft\u0131rma departman\u0131m\u0131z\u0131n geli\u015ftirdi\u011fi yarat\u0131c\u0131 ve esnek \u00e7\u00f6z\u00fcmler sayesinde fuar sekt\u00f6r\u00fcn\u00fcn gelece\u011fini \u015fekillendiriyoruz.<\/p><\/div><\/div>\n        <\/section>\t\t<\/div>\n\t\t\t\t<\/div>\n\t\t\t\t<div class=\"elementor-element elementor-element-65c36c11 aux-appear-watch-animation aux-fade-in-up elementor-widget elementor-widget-aux_modern_heading\" data-id=\"65c36c11\" data-element_type=\"widget\" data-widget_type=\"aux_modern_heading.default\">\n\t\t\t\t<div class=\"elementor-widget-container\">\n\t\t\t<section class=\"aux-widget-modern-heading\">\n            <div class=\"aux-widget-inner\"><h2 class=\"aux-modern-heading-primary\">WORK M\u0130MARLIK<\/h2><h3 class=\"aux-modern-heading-secondary\"><span class=\"aux-head-before\">Fuar Stand Dekorasyon<\/span><\/h3><\/div>\n        <\/section>\t\t<\/div>\n\t\t\t\t<\/div>\n\t\t\t\t\t<\/div>\n\t\t<\/div>\n\t\t\t\t\t<\/div>\n\t\t<\/section>\n\t\t\t\t<section class=\"elementor-section elementor-top-section elementor-element elementor-element-1b9453a elementor-section-content-middle elementor-section-boxed elementor-section-height-default elementor-section-height-default\" data-id=\"1b9453a\" data-element_type=\"section\" data-settings=\"{&quot;background_background&quot;:&quot;classic&quot;}\">\n\t\t\t\t\t\t<div class=\"elementor-container elementor-column-gap-default\">\n\t\t\t\t\t<div class=\"aux-parallax-section elementor-column elementor-col-50 elementor-top-column elementor-element elementor-element-46800144 aux-appear-watch-animation aux-fade-in-left\" data-id=\"46800144\" data-element_type=\"column\">\n\t\t\t<div class=\"elementor-widget-wrap elementor-element-populated\">\n\t\t\t\t\t\t<div class=\"elementor-element elementor-element-6b0f0e96 elementor-hidden-mobile elementor-widget elementor-widget-aux_image\" data-id=\"6b0f0e96\" data-element_type=\"widget\" data-widget_type=\"aux_image.default\">\n\t\t\t\t<div class=\"elementor-widget-container\">\n\t\t\t<section class=\"widget-container aux-widget-image aux-alignnone aux-parent-au89791cac\">\n    <div class=\"aux-media-hint-frame \">\n        <div class=\"aux-media-image \" >\n        \n            \n\n            \n            <img decoding=\"async\" width=\"1037\" height=\"903\" src=\"image\/gif;base64,R0lGODlhAQABAIAAAAAAAP\/\/\/yH5BAEAAAAALAAAAAABAAEAAAIBRAA7\" class=\"aux-attachment aux-featured-image aux-attachment-id-215 aux-preload aux-blank\" alt=\"work-mimarlik-hakkimizda-3\" data-ratio=\"1.09\" data-original-w=\"1351\" sizes=\"auto\" data-srcset=\"https:\/\/workmimarlik.com\/wp-content\/uploads\/2022\/08\/work-mimarlik-hakkimizda-3-150x137.jpg 150w,https:\/\/workmimarlik.com\/wp-content\/uploads\/2022\/08\/work-mimarlik-hakkimizda-3-300x275.jpg 300w,https:\/\/workmimarlik.com\/wp-content\/uploads\/2022\/08\/work-mimarlik-hakkimizda-3-768x704.jpg 768w,https:\/\/workmimarlik.com\/wp-content\/uploads\/2022\/08\/work-mimarlik-hakkimizda-3-1024x938.jpg 1024w,https:\/\/workmimarlik.com\/wp-content\/uploads\/2022\/08\/work-mimarlik-hakkimizda-3-1037x950.jpg 1037w\" data-src=\"https:\/\/workmimarlik.com\/wp-content\/uploads\/2022\/08\/work-mimarlik-hakkimizda-3-1037x950.jpg\" \/>            \n                <\/div>\n    <\/div>\n\n<\/section><!-- widget-container -->\t\t<\/div>\n\t\t\t\t<\/div>\n\t\t\t\t\t<\/div>\n\t\t<\/div>\n\t\t\t\t<div class=\"aux-parallax-section elementor-column elementor-col-50 elementor-top-column elementor-element elementor-element-30d8bdbd\" data-id=\"30d8bdbd\" data-element_type=\"column\">\n\t\t\t<div class=\"elementor-widget-wrap elementor-element-populated\">\n\t\t\t\t\t\t<div class=\"elementor-element elementor-element-46fc4ae1 aux-appear-watch-animation aux-fade-in elementor-widget elementor-widget-aux_modern_heading\" data-id=\"46fc4ae1\" data-element_type=\"widget\" data-widget_type=\"aux_modern_heading.default\">\n\t\t\t\t<div class=\"elementor-widget-container\">\n\t\t\t<section class=\"aux-widget-modern-heading\">\n            <div class=\"aux-widget-inner\"><h2 class=\"aux-modern-heading-primary\">WORK M\u0130MARLIK<\/h2><h3 class=\"aux-modern-heading-secondary\"><span class=\"aux-head-before\">Kapsaml\u0131 Hizmet<\/span><\/h3><div class=\"aux-modern-heading-divider\"><\/div><div class=\"aux-modern-heading-description\"><p>Y\u00f6netim ve tasar\u0131m birimlerimiz, \u00fcretim at\u00f6lyemiz, depolama \u00fcnitelerimiz ve konusunda uzman ekibimiz ile fuar, kongre ve etkinlik sekt\u00f6r\u00fcnde kesintisiz hizmet vermekteyiz.<\/p><p>Fuar\u0131n\u0131z\u0131 planlay\u0131n, orada haz\u0131r olaca\u011f\u0131z.<\/p><\/div><\/div>\n        <\/section>\t\t<\/div>\n\t\t\t\t<\/div>\n\t\t\t\t\t<\/div>\n\t\t<\/div>\n\t\t\t\t\t<\/div>\n\t\t<\/section>\n\t\t\t\t<section class=\"elementor-section elementor-top-section elementor-element elementor-element-73e2d548 elementor-section-stretched elementor-section-boxed elementor-section-height-default elementor-section-height-default\" data-id=\"73e2d548\" data-element_type=\"section\" data-settings=\"{&quot;background_background&quot;:&quot;classic&quot;,&quot;stretch_section&quot;:&quot;section-stretched&quot;}\">\n\t\t\t\t\t\t\t<div class=\"elementor-background-overlay\"><\/div>\n\t\t\t\t\t\t\t<div class=\"elementor-container elementor-column-gap-default\">\n\t\t\t\t\t<div class=\"aux-parallax-section elementor-column elementor-col-100 elementor-top-column elementor-element elementor-element-63189864\" data-id=\"63189864\" data-element_type=\"column\">\n\t\t\t<div class=\"elementor-widget-wrap elementor-element-populated\">\n\t\t\t\t\t\t<div class=\"elementor-element elementor-element-49eefbef aux-appear-watch-animation aux-scale-down elementor-widget elementor-widget-aux_modern_heading\" data-id=\"49eefbef\" data-element_type=\"widget\" data-widget_type=\"aux_modern_heading.default\">\n\t\t\t\t<div class=\"elementor-widget-container\">\n\t\t\t<section class=\"aux-widget-modern-heading\">\n            <div class=\"aux-widget-inner\"><h2 class=\"aux-modern-heading-primary\">Bizimle \u00e7al\u0131\u015fmak ister misiniz?<\/h2><div class=\"aux-modern-heading-description\"><p>Bizimle \u00e7al\u0131\u015fmak, ailemizin bir par\u00e7as\u0131 ve ihtiya\u00e7lar\u0131n\u0131za \u00f6zel \u00e7\u00f6z\u00fcmler \u00fcretmemiz i\u00e7in diledi\u011finiz zaman bizimle ileti\u015fime ge\u00e7ebilir ve detayl\u0131 bilgi alabilirsiniz.<\/p><\/div><\/div>\n        <\/section>\t\t<\/div>\n\t\t\t\t<\/div>\n\t\t\t\t<div class=\"elementor-element elementor-element-5ef324c elementor-widget elementor-widget-aux_modern_button\" data-id=\"5ef324c\" data-element_type=\"widget\" data-widget_type=\"aux_modern_button.default\">\n\t\t\t\t<div class=\"elementor-widget-container\">\n\t\t\t    <div class=\"aux-modern-button-wrapper aux-modern-button-align-center\" >\n                    <a class=\"aux-modern-button aux-white aux-modern-button-xl aux-modern-button-normal aux-modern-button-default aux-icon-right\" href=\"\/iletisim\">\n                <div class=\"aux-overlay\"><\/div>\n                                    <div class=\"aux-icon \">\n                        <i aria-hidden=\"true\" class=\"auxicon2 auxicon2-arrow-chevron-small-right\"><\/i>                    <\/div>\n                                <div class=\"aux-text\">\n<span class=\"aux-text-before\">\u0130LET\u0130\u015e\u0130ME GE\u00c7<\/span>                <\/div>\n            <\/a>\n            \n    <\/div>\n\n    \t\t<\/div>\n\t\t\t\t<\/div>\n\t\t\t\t\t<\/div>\n\t\t<\/div>\n\t\t\t\t\t<\/div>\n\t\t<\/section>\n\t\t\t\t<\/div>\n\t\t","protected":false},"excerpt":{"rendered":"<p>Hakk\u0131m\u0131zda Hakk\u0131m\u0131zda Biz Kimiz? Work Mimarl\u0131k olarak 7&#8217;y\u0131l\u0131 a\u015fk\u0131n tecr\u00fcbesi ile Ah\u015fap Fuar Stand\u0131, Maxima Fuar Stand\u0131, Mod\u00fcler Fuar Stand\u0131 ve \u00dcr\u00fcn Te\u015fhir Stand\u0131 alan\u0131nda projelendirme \u2018den imalat\u0131na uygulamadan anahtar teslim projeleriyle kendi b\u00fcnyesinde hizmet vermektedir. Kurumsal kimli\u011finizi, sekt\u00f6rel \u00f6nceliklerinizi ve m\u00fc\u015fteri portf\u00f6y\u00fcn\u00fcz\u00fc g\u00f6z \u00f6n\u00fcnde bulundurarak, \u00fcr\u00fcnlerinizi vazge\u00e7ilmez k\u0131lacak t\u00fcm detaylar\u0131 fuar stand tasar\u0131m\u0131n\u0131za yans\u0131t\u0131yoruz. [&hellip;]<\/p>\n","protected":false},"author":1,"featured_media":0,"parent":0,"menu_order":0,"comment_status":"closed","ping_status":"closed","template":"","meta":{"footnotes":""},"class_list":["post-71","page","type-page","status-publish","hentry"],"_links":{"self":[{"href":"https:\/\/workmimarlik.com\/tr\/wp-json\/wp\/v2\/pages\/71","targetHints":{"allow":["GET"]}}],"collection":[{"href":"https:\/\/workmimarlik.com\/tr\/wp-json\/wp\/v2\/pages"}],"about":[{"href":"https:\/\/workmimarlik.com\/tr\/wp-json\/wp\/v2\/types\/page"}],"author":[{"embeddable":true,"href":"https:\/\/workmimarlik.com\/tr\/wp-json\/wp\/v2\/users\/1"}],"replies":[{"embeddable":true,"href":"https:\/\/workmimarlik.com\/tr\/wp-json\/wp\/v2\/comments?post=71"}],"version-history":[{"count":29,"href":"https:\/\/workmimarlik.com\/tr\/wp-json\/wp\/v2\/pages\/71\/revisions"}],"predecessor-version":[{"id":1018,"href":"https:\/\/workmimarlik.com\/tr\/wp-json\/wp\/v2\/pages\/71\/revisions\/1018"}],"wp:attachment":[{"href":"https:\/\/workmimarlik.com\/tr\/wp-json\/wp\/v2\/media?parent=71"}],"curies":[{"name":"wp","href":"https:\/\/api.w.org\/{rel}","templated":true}]}}